{"id":2801,"date":"2021-08-24T13:45:46","date_gmt":"2021-08-24T13:45:46","guid":{"rendered":"https:\/\/ikodor.ee\/edasimuujad\/"},"modified":"2022-07-29T11:14:41","modified_gmt":"2022-07-29T08:14:41","slug":"%d0%bf%d1%80%d0%be%d0%b4%d0%b0%d0%b2%d1%86%d1%8b","status":"publish","type":"page","link":"https:\/\/ikodor.ee\/ru\/%d1%80%d0%b0%d1%81%d0%bf%d1%80%d0%be%d1%81%d1%82%d1%80%d0%b0%d0%bd%d0%b5%d0%bd%d0%b8%d0%b5\/%d0%bf%d1%80%d0%be%d0%b4%d0%b0%d0%b2%d1%86%d1%8b\/","title":{"rendered":"\u041f\u0440\u043e\u0434\u0430\u0432\u0446\u044b"},"content":{"rendered":"\n<div class=\"wp-block-columns is-layout-flex wp-container-core-columns-is-layout-9d6595d7 wp-block-columns-is-layout-flex\">\n<div class=\"wp-block-column is-layout-flow wp-block-column-is-layout-flow\">\n<h2 class=\"wp-el wp-block-heading\" id=\"decora\">DECORA<\/h2>\n\n\n\n<figure class=\"wp-block-table\"><table><tbody><tr><td>Tartu, Riia mnt. 128, tel. 7 390 142<\/td><\/tr><tr><td>P\u00e4rnu, Lai tn 18, tel. 44 71 420<\/td><\/tr><tr><td>Viljandi, Leola 53, tel 43 42 040<\/td><\/tr><tr><td>V\u00f5ru, Lepa 2, tel. 78 27 410<\/td><\/tr><tr><td>J\u00f5geva, Puiestee 38, tel. 77 62 500<\/td><\/tr><tr><td>P\u00f5ltsamaa, Viljandi mnt. 2, tel. 77 62 505<\/td><\/tr><tr><td>Tallinn, Laki 36, tel. 6 610 808<\/td><\/tr><\/tbody><\/table><\/figure>\n<\/div>\n\n\n\n<div class=\"wp-block-column is-layout-flow wp-block-column-is-layout-flow\">\n<figure class=\"wp-block-image size-full\"><a href=\"https:\/\/www.decora.ee\/\" target=\"_blank\" rel=\"noopener\"><img loading=\"lazy\" decoding=\"async\" width=\"265\" height=\"80\" src=\"https:\/\/ikodor.ee\/wp-content\/uploads\/2021\/08\/decora.jpg\" alt=\"\" class=\"wp-image-646\"\/><\/a><\/figure>\n\n\n\n<figure class=\"wp-block-image size-large\"><img loading=\"lazy\" decoding=\"async\" width=\"1200\" height=\"704\" src=\"https:\/\/ikodor.ee\/wp-content\/uploads\/2021\/10\/decora-1200x704.jpg\" alt=\"\" class=\"wp-image-1446\" srcset=\"https:\/\/ikodor.ee\/wp-content\/uploads\/2021\/10\/decora-1200x704.jpg 1200w, https:\/\/ikodor.ee\/wp-content\/uploads\/2021\/10\/decora.jpg 1214w\" sizes=\"auto, (max-width: 1200px) 100vw, 1200px\" \/><\/figure>\n<\/div>\n<\/div>\n\n\n\n<hr class=\"wp-block-separator has-css-opacity\"\/>\n\n\n\n<div class=\"wp-block-columns is-layout-flex wp-container-core-columns-is-layout-9d6595d7 wp-block-columns-is-layout-flex\">\n<div class=\"wp-block-column is-layout-flow wp-block-column-is-layout-flow\">\n<h2 class=\"wp-el wp-block-heading\" id=\"espak\">ESPAK<\/h2>\n\n\n\n<figure class=\"wp-block-table\"><table><tbody><tr><td>Tallinn, Viadukti 42, tel. 6 512 301<\/td><\/tr><tr><td>P\u00e4rnu, Papiniidu 4, tel. 44 47 150<\/td><\/tr><tr><td>Rakvere, R\u00e4gavere tee 42, tel. 32 23 532<\/td><\/tr><tr><td>V\u00f5ru, Kubija 15, tel. 78 58 563<\/td><\/tr><tr><td>Kuressaare, Uus-Roomasaare 35, tel. 45 33 439<\/td><\/tr><tr><td>J\u00f5geva, Tallinna mnt. 2A, tel. 77 60 303<\/td><\/tr><tr><td>Rapla, Tallinna mnt. 3B, tel. 48 94 590<\/td><\/tr><tr><td>J\u00f5hvi, Lille 3, tel. 33 66 060<\/td><\/tr><tr><td>Tartu, Turu 24, tel. 7 474 930<\/td><\/tr><tr><td>P\u00f5lva, Jaama 16D, tel. 79 93 383<\/td><\/tr><tr><td>Viljandi, Reinu tee 35, tel. 43 36 652<\/td><\/tr><tr><td>Narva, Rahu 36A, tel. 35 66 368<\/td><\/tr><tr><td>Paide, Pr\u00e4\u00e4ma tee 20, tel. 38 70 070<\/td><\/tr><tr><td>T\u00fcri, Kaare 35C, tel. 38 78 511<\/td><\/tr><\/tbody><\/table><\/figure>\n<\/div>\n\n\n\n<div class=\"wp-block-column is-layout-flow wp-block-column-is-layout-flow\">\n<figure class=\"wp-block-image size-full\"><a href=\"https:\/\/espak.ee\/\" target=\"_blank\" rel=\"noopener\"><img loading=\"lazy\" decoding=\"async\" width=\"300\" height=\"56\" src=\"https:\/\/ikodor.ee\/wp-content\/uploads\/2021\/08\/espak-300x56-1.jpg\" alt=\"\" class=\"wp-image-648\"\/><\/a><\/figure>\n\n\n\n<figure class=\"wp-block-image size-large\"><img loading=\"lazy\" decoding=\"async\" width=\"1200\" height=\"704\" src=\"https:\/\/ikodor.ee\/wp-content\/uploads\/2021\/10\/espak-1200x704.jpg\" alt=\"\" class=\"wp-image-1444\" srcset=\"https:\/\/ikodor.ee\/wp-content\/uploads\/2021\/10\/espak-1200x704.jpg 1200w, https:\/\/ikodor.ee\/wp-content\/uploads\/2021\/10\/espak.jpg 1214w\" sizes=\"auto, (max-width: 1200px) 100vw, 1200px\" \/><\/figure>\n<\/div>\n<\/div>\n\n\n\n<div class=\"wp-block-columns is-layout-flex wp-container-core-columns-is-layout-9d6595d7 wp-block-columns-is-layout-flex\">\n<div class=\"wp-block-column is-layout-flow wp-block-column-is-layout-flow\">\n<h2 class=\"wp-el wp-block-heading\" id=\"bauhof\"><strong>BAUHOF<\/strong><\/h2>\n\n\n\n<figure class=\"wp-block-table\"><table><tbody><tr><td>Tallinn, Peterburi tee 64, tel. 6 061 444<\/td><\/tr><tr><td>Tallinn, P\u00e4rnu mnt. 558, tel. 6 061 444<\/td><\/tr><tr><td>Keila, Paldiski mnt. 35, tel. 6 061 444<\/td><\/tr><tr><td>Tartu, Ringtee 77, tel 6 061 444<\/td><\/tr><tr><td>Rakvere, Ringtee 2, tel. 6 061 444<\/td><\/tr><tr><td>Viljandi, Reinu tee 29A, tel. 6 061 444<\/td><\/tr><tr><td>P\u00e4rnu, Papiniidu 5, tel. 6 061 444<\/td><\/tr><tr><td>J\u00f5hvi, Narva mnt. 141, tel. 6 061 444<\/td><\/tr><tr><td>P\u00f5lva, Jaama 12A, tel. 6 061 444<\/td><\/tr><tr><td>Kuressaare, P\u00f5lluvahe 2, Sikassaare, Kaarma vald, tel. 6 061 444<\/td><\/tr><tr><td>Valga, Viljandi 80A, tel. 6 061 444<\/td><\/tr><tr><td>Haapsalu, Tallinna mnt. 68A, tel. 6 061 444<\/td><\/tr><\/tbody><\/table><\/figure>\n<\/div>\n\n\n\n<div class=\"wp-block-column is-layout-flow wp-block-column-is-layout-flow\">\n<figure class=\"wp-block-image size-full\"><img loading=\"lazy\" decoding=\"async\" width=\"300\" height=\"90\" src=\"https:\/\/ikodor.ee\/wp-content\/uploads\/2021\/10\/bauhof-1.jpg\" alt=\"\" class=\"wp-image-1458\"\/><\/figure>\n\n\n\n<figure class=\"wp-block-image size-full\"><img loading=\"lazy\" decoding=\"async\" width=\"700\" height=\"411\" src=\"https:\/\/ikodor.ee\/wp-content\/uploads\/2021\/10\/bauhof.jpg\" alt=\"\" class=\"wp-image-1452\"\/><\/figure>\n<\/div>\n<\/div>\n\n\n\n<div class=\"wp-block-columns is-layout-flex wp-container-core-columns-is-layout-9d6595d7 wp-block-columns-is-layout-flex\">\n<div class=\"wp-block-column is-layout-flow wp-block-column-is-layout-flow\">\n<h2 class=\"wp-el wp-block-heading\" id=\"bauhaus\"><strong>BAUHAUS<\/strong><\/h2>\n\n\n\n<figure class=\"wp-block-table\"><table><tbody><tr><td>Lasnam\u00e4e \u2013 Tallinn, T\u00e4hesaju tee 8, tel. 60 29 200<\/td><\/tr><tr><td>Rocca al Mare \u2013 Tallinn, Kaerav\u00e4lja tn.3, tel. 60 29 400<\/td><\/tr><\/tbody><\/table><\/figure>\n<\/div>\n\n\n\n<div class=\"wp-block-column is-layout-flow wp-block-column-is-layout-flow\">\n<figure class=\"wp-block-image size-full\"><img loading=\"lazy\" decoding=\"async\" width=\"300\" height=\"51\" src=\"https:\/\/ikodor.ee\/wp-content\/uploads\/2021\/10\/logo-bauhaus-300x51-1.jpg\" alt=\"\" class=\"wp-image-1462\"\/><\/figure>\n\n\n\n<figure class=\"wp-block-image size-full\"><img loading=\"lazy\" decoding=\"async\" width=\"701\" height=\"316\" src=\"https:\/\/ikodor.ee\/wp-content\/uploads\/2021\/10\/bauhaus.jpg\" alt=\"\" class=\"wp-image-1464\"\/><\/figure>\n<\/div>\n<\/div>\n\n\n\n<div class=\"wp-block-columns is-layout-flex wp-container-core-columns-is-layout-9d6595d7 wp-block-columns-is-layout-flex\">\n<div class=\"wp-block-column is-layout-flow wp-block-column-is-layout-flow\">\n<h2 class=\"wp-el wp-block-heading\" id=\"k-rauta\"><strong>K-RAUTA<\/strong><\/h2>\n\n\n\n<figure class=\"wp-block-table\"><table><tbody><tr><td>Tallinn, Peterburi tee 64, tel. 6 061 444<\/td><\/tr><tr><td>Tallinn, P\u00e4rnu mnt. 558, tel. 6 061 444<\/td><\/tr><tr><td>Keila, Paldiski mnt. 35, tel. 6 061 444<\/td><\/tr><tr><td>Tartu, Ringtee 77, tel 6 061 444<\/td><\/tr><tr><td>Rakvere, Ringtee 2, tel. 6 061 444<\/td><\/tr><tr><td>Viljandi, Reinu tee 29A, tel. 6 061 444<\/td><\/tr><tr><td>P\u00e4rnu, Papiniidu 5, tel. 6 061 444<\/td><\/tr><tr><td>J\u00f5hvi, Narva mnt. 141, tel. 6 061 444<\/td><\/tr><tr><td>P\u00f5lva, Jaama 12A, tel. 6 061 444<\/td><\/tr><tr><td>Kuressaare, P\u00f5lluvahe 2, Sikassaare, Kaarma vald, tel. 6 061 444<\/td><\/tr><tr><td>Valga, Viljandi 80A, tel. 6 061 444<\/td><\/tr><tr><td>Haapsalu, Tallinna mnt. 68A, tel. 6 061 444<\/td><\/tr><\/tbody><\/table><\/figure>\n<\/div>\n\n\n\n<div class=\"wp-block-column is-layout-flow wp-block-column-is-layout-flow\">\n<figure class=\"wp-block-image size-full\"><img loading=\"lazy\" decoding=\"async\" width=\"350\" height=\"63\" src=\"https:\/\/ikodor.ee\/wp-content\/uploads\/2021\/10\/krauta-logo.jpg\" alt=\"\" class=\"wp-image-1468\"\/><\/figure>\n\n\n\n<figure class=\"wp-block-image size-full\"><img loading=\"lazy\" decoding=\"async\" width=\"700\" height=\"411\" src=\"https:\/\/ikodor.ee\/wp-content\/uploads\/2021\/10\/krauta.jpg\" alt=\"\" class=\"wp-image-1470\"\/><\/figure>\n<\/div>\n<\/div>\n\n\n\n<div class=\"wp-block-columns is-layout-flex wp-container-core-columns-is-layout-9d6595d7 wp-block-columns-is-layout-flex\">\n<div class=\"wp-block-column is-layout-flow wp-block-column-is-layout-flow\">\n<h2 class=\"wp-el wp-block-heading\" id=\"ehituse-abc\"><strong><strong>EHITUSE ABC<\/strong><\/strong><\/h2>\n\n\n\n<figure class=\"wp-block-table\"><table><tbody><tr><td>Tartu, Kalda tee 3, tel. 7 440 800<\/td><\/tr><tr><td>Haapsalu, Tallinna mnt. 75B, tel. 47 24 154<\/td><\/tr><tr><td>Rakvere, V\u00f5idu 93, tel. 32 78 186<\/td><\/tr><tr><td>Narva, Tallinna mnt. 19C, tel. 35 66 404<\/td><\/tr><tr><td>Narva, Rahu 4, tel. 35 99 411<\/td><\/tr><tr><td>Loksa, Tallinna mnt. 40, tel. 623 2773<\/td><\/tr><tr><td>Tallinn, Peterburi tee 71, tel. 620 5070<\/td><\/tr><tr><td>Tallinn, Kadaka tee 65, tel. 666 0190<\/td><\/tr><tr><td>Kohtla-J\u00e4rve, J\u00e4rvek\u00fcla tee 87, tel. 33 95 402<\/td><\/tr><tr><td>P\u00e4rnu, Riia mnt. 108B, tel. 44 30 222<\/td><\/tr><\/tbody><\/table><\/figure>\n<\/div>\n\n\n\n<div class=\"wp-block-column is-layout-flow wp-block-column-is-layout-flow\">\n<figure class=\"wp-block-image size-full\"><img loading=\"lazy\" decoding=\"async\" width=\"500\" height=\"34\" src=\"https:\/\/ikodor.ee\/wp-content\/uploads\/2021\/10\/abc-1.jpg\" alt=\"\" class=\"wp-image-1478\"\/><\/figure>\n\n\n\n<figure class=\"wp-block-image size-full\"><img loading=\"lazy\" decoding=\"async\" width=\"700\" height=\"411\" src=\"https:\/\/ikodor.ee\/wp-content\/uploads\/2021\/10\/ehituse-abc.jpg\" alt=\"\" class=\"wp-image-1474\"\/><\/figure>\n<\/div>\n<\/div>\n\n\n\n<div class=\"wp-block-columns is-layout-flex wp-container-core-columns-is-layout-9d6595d7 wp-block-columns-is-layout-flex\">\n<div class=\"wp-block-column is-layout-flow wp-block-column-is-layout-flow\">\n<h2 class=\"wp-el wp-block-heading\" id=\"tevo-kaup\"><strong>TEVO KAUP<\/strong><\/h2>\n\n\n\n<figure class=\"wp-block-table\"><table><tbody><tr><td>Tartu, Riia 140, tel. 7 302 000<\/td><\/tr><\/tbody><\/table><\/figure>\n<\/div>\n\n\n\n<div class=\"wp-block-column is-layout-flow wp-block-column-is-layout-flow\">\n<figure class=\"wp-block-image size-full\"><img loading=\"lazy\" decoding=\"async\" width=\"300\" height=\"112\" src=\"https:\/\/ikodor.ee\/wp-content\/uploads\/2021\/10\/Tevo-logo-300x112-1.jpg\" alt=\"\" class=\"wp-image-1481\"\/><\/figure>\n\n\n\n<figure class=\"wp-block-image size-full\"><img loading=\"lazy\" decoding=\"async\" width=\"700\" height=\"275\" src=\"https:\/\/ikodor.ee\/wp-content\/uploads\/2021\/10\/tevo.jpg\" alt=\"\" class=\"wp-image-1484\"\/><\/figure>\n<\/div>\n<\/div>\n\n\n\n<div class=\"wp-block-columns is-layout-flex wp-container-core-columns-is-layout-9d6595d7 wp-block-columns-is-layout-flex\">\n<div class=\"wp-block-column is-layout-flow wp-block-column-is-layout-flow\">\n<h2 class=\"wp-el wp-block-heading\" id=\"puumarket\">PUUMARKET<\/h2>\n\n\n\n<figure class=\"wp-block-table\"><table><tbody><tr><td>Tallinn, V\u00e4ike-M\u00e4nniku 11, tel. 679 1551<\/td><\/tr><tr><td>Tallinn, Laki 3a, tel. 650 9835<\/td><\/tr><tr><td>Tartu, Ringtee 37C, tel. 7 337 940<\/td><\/tr><tr><td>P\u00e4rnu, Lina 24, tel. 44 48 080<\/td><\/tr><tr><td>Rakvere, Ringtee 3, tel. 324 4366<\/td><\/tr><\/tbody><\/table><\/figure>\n<\/div>\n\n\n\n<div class=\"wp-block-column is-layout-flow wp-block-column-is-layout-flow\">\n<figure class=\"wp-block-image size-full is-resized\"><img loading=\"lazy\" decoding=\"async\" src=\"https:\/\/ikodor.ee\/wp-content\/uploads\/2022\/07\/PM_Hor.logo_rgb-ROHELINE-2.png\" alt=\"\" class=\"wp-image-4661\" width=\"398\" height=\"96\"\/><\/figure>\n\n\n\n<figure class=\"wp-block-image size-full\"><img loading=\"lazy\" decoding=\"async\" width=\"700\" height=\"411\" src=\"https:\/\/ikodor.ee\/wp-content\/uploads\/2021\/10\/puumarket.jpg\" alt=\"\" class=\"wp-image-1490\"\/><\/figure>\n<\/div>\n<\/div>\n\n\n\n<div class=\"wp-block-columns is-layout-flex wp-container-core-columns-is-layout-9d6595d7 wp-block-columns-is-layout-flex\">\n<div class=\"wp-block-column is-layout-flow wp-block-column-is-layout-flow\">\n<h2 class=\"wp-el wp-block-heading\" id=\"karl-bilder\">KARL BILDER<\/h2>\n\n\n\n<figure class=\"wp-block-table\"><table><tbody><tr><td>Tallinn, Kadaka tee 32, +372 650 7440<\/td><\/tr><tr><td>Tallinn, Peterburi tee 52a, +372 606 2220<\/td><\/tr><tr><td>Tartu, Turu 53, +372 730 0230<\/td><\/tr><tr><td>P\u00e4rnu, Suur-J\u00f5e 75, +372 442 7800<\/td><\/tr><\/tbody><\/table><\/figure>\n<\/div>\n\n\n\n<div class=\"wp-block-column is-layout-flow wp-block-column-is-layout-flow\">\n<figure class=\"wp-block-image size-full\"><img loading=\"lazy\" decoding=\"async\" width=\"347\" height=\"109\" src=\"https:\/\/ikodor.ee\/wp-content\/uploads\/2021\/12\/karlbilder.jpg\" alt=\"\" class=\"wp-image-2317\"\/><\/figure>\n\n\n\n<figure class=\"wp-block-image size-full\"><img loading=\"lazy\" decoding=\"async\" width=\"700\" height=\"411\" src=\"https:\/\/ikodor.ee\/wp-content\/uploads\/2021\/12\/karlbilder-maja.jpg\" alt=\"\" class=\"wp-image-2319\"\/><\/figure>\n<\/div>\n<\/div>\n\n\n\n<div class=\"wp-block-columns is-layout-flex wp-container-core-columns-is-layout-9d6595d7 wp-block-columns-is-layout-flex\">\n<div class=\"wp-block-column is-layout-flow wp-block-column-is-layout-flow\">\n<h2 class=\"wp-el wp-block-heading\" id=\"jats-as\">JATS AS<\/h2>\n\n\n\n<figure class=\"wp-block-table\"><table><tbody><tr><td>V\u00e4lja 2 M\u00e4rjamaa, 78301 Rapla maakond, tel. +372 482 1743<\/td><\/tr><\/tbody><\/table><\/figure>\n<\/div>\n\n\n\n<div class=\"wp-block-column is-layout-flow wp-block-column-is-layout-flow\">\n<figure class=\"wp-block-image size-full\"><img loading=\"lazy\" decoding=\"async\" width=\"347\" height=\"109\" src=\"https:\/\/ikodor.ee\/wp-content\/uploads\/2021\/12\/jats-logo.jpg\" alt=\"\" class=\"wp-image-2329\"\/><\/figure>\n\n\n\n<figure class=\"wp-block-image size-full\"><img loading=\"lazy\" decoding=\"async\" width=\"700\" height=\"411\" src=\"https:\/\/ikodor.ee\/wp-content\/uploads\/2021\/12\/jats-maja.jpg\" alt=\"\" class=\"wp-image-2331\"\/><\/figure>\n<\/div>\n<\/div>\n","protected":false},"excerpt":{"rendered":"<p>DECORA Tartu, Riia mnt. 128, tel. 7 390 142 P\u00e4rnu, Lai tn 18, tel. 44 71 420 Viljandi, Leola 53,&#8230;<\/p>\n","protected":false},"author":1,"featured_media":0,"parent":2829,"menu_order":10,"comment_status":"closed","ping_status":"closed","template":"","meta":{"_acf_changed":false,"inline_featured_image":false,"footnotes":""},"class_list":["post-2801","page","type-page","status-publish","hentry"],"acf":[],"_links":{"self":[{"href":"https:\/\/ikodor.ee\/ru\/wp-json\/wp\/v2\/pages\/2801","targetHints":{"allow":["GET"]}}],"collection":[{"href":"https:\/\/ikodor.ee\/ru\/wp-json\/wp\/v2\/pages"}],"about":[{"href":"https:\/\/ikodor.ee\/ru\/wp-json\/wp\/v2\/types\/page"}],"author":[{"embeddable":true,"href":"https:\/\/ikodor.ee\/ru\/wp-json\/wp\/v2\/users\/1"}],"replies":[{"embeddable":true,"href":"https:\/\/ikodor.ee\/ru\/wp-json\/wp\/v2\/comments?post=2801"}],"version-history":[{"count":3,"href":"https:\/\/ikodor.ee\/ru\/wp-json\/wp\/v2\/pages\/2801\/revisions"}],"predecessor-version":[{"id":4664,"href":"https:\/\/ikodor.ee\/ru\/wp-json\/wp\/v2\/pages\/2801\/revisions\/4664"}],"up":[{"embeddable":true,"href":"https:\/\/ikodor.ee\/ru\/wp-json\/wp\/v2\/pages\/2829"}],"wp:attachment":[{"href":"https:\/\/ikodor.ee\/ru\/wp-json\/wp\/v2\/media?parent=2801"}],"curies":[{"name":"wp","href":"https:\/\/api.w.org\/{rel}","templated":true}]}}