{"id":2804,"date":"2021-08-24T13:27:52","date_gmt":"2021-08-24T13:27:52","guid":{"rendered":"https:\/\/ikodor.ee\/kaubabetoon\/"},"modified":"2022-03-13T20:43:45","modified_gmt":"2022-03-13T18:43:45","slug":"kaubabetoon","status":"publish","type":"page","link":"https:\/\/ikodor.ee\/ru\/%d0%bf%d1%80%d0%b5%d0%b9%d1%81%d0%ba%d1%83%d1%80%d0%b0%d0%bd%d1%82\/kaubabetoon\/","title":{"rendered":"\u0422\u043e\u0432\u0430\u0440\u043d\u044b\u0439 \u0431\u0435\u0442\u043e\u043d"},"content":{"rendered":"\n<figure class=\"wp-block-table\"><table><tbody><tr><td>&nbsp;<strong><a href=\"https:\/\/ikodor.ee\/wp-content\/uploads\/2021\/08\/betooni_tellimine.pdf\" target=\"_blank\" rel=\"noreferrer noopener\">Betooni tellimisleht<\/a><\/strong><\/td><td><\/td><td><\/td><td><\/td><\/tr><tr><td><strong>Betooni klass<\/strong><\/td><td><strong>\u00dchik<\/strong><\/td><td><strong>Hind km-ta<\/strong><\/td><td><strong>Hind km-ga<\/strong><\/td><\/tr><tr><td><strong>NORMAALBETOONID PAEKILLUSTIKUGA D&lt;16<\/strong><\/td><td><\/td><td><\/td><td><\/td><\/tr><tr><td>C8\/10 S1 D16<\/td><td>m<sup>3<\/sup><\/td><td>60.00<\/td><td>&nbsp;72.00<\/td><\/tr><tr><td>C8\/10 S2 D16<\/td><td>m<sup>3<\/sup><\/td><td>62.00<\/td><td>74.40<\/td><\/tr><tr><td>C8\/10 S3 D16<\/td><td>m<sup>3<\/sup><\/td><td>64.00<\/td><td>&nbsp;76.80<\/td><\/tr><tr><td>C12\/15 S1 D16<\/td><td>m<sup>3<\/sup><\/td><td>63.00<\/td><td>&nbsp;75.60<\/td><\/tr><tr><td>C12\/15 S2 D16<\/td><td>m<sup>3<\/sup><\/td><td>65.00<\/td><td>&nbsp;78.00<\/td><\/tr><tr><td>C12\/15 S3 D16<\/td><td>m<sup>3<\/sup><\/td><td>67.00<\/td><td>&nbsp;80.40<\/td><\/tr><tr><td>C12\/15 S4 D16<\/td><td>m<sup>3<\/sup><\/td><td>69.00<\/td><td>&nbsp;82.80<\/td><\/tr><tr><td>C16\/20 S1 D16<\/td><td>m<sup>3<\/sup><\/td><td>69.00<\/td><td>&nbsp;82.80<\/td><\/tr><tr><td>C16\/20 S2 D16<\/td><td>m<sup>3<\/sup><\/td><td>71.00<\/td><td>&nbsp;85.20<\/td><\/tr><tr><td>C16\/20 S3 D16<\/td><td>m<sup>3<\/sup><\/td><td>73.00<\/td><td>&nbsp;87.60<\/td><\/tr><tr><td>C16\/20 S4 D16<\/td><td>m<sup>3<\/sup><\/td><td>77.00<\/td><td>&nbsp;92.40<\/td><\/tr><tr><td>C20\/25 S1 D16<\/td><td>m<sup>3<\/sup><\/td><td>72.00<\/td><td>&nbsp;86.40<\/td><\/tr><tr><td>C20\/25 S2 D16<\/td><td>m<sup>3<\/sup><\/td><td>75.00<\/td><td>&nbsp;90.00<\/td><\/tr><tr><td>C20\/25 S3 D16<\/td><td>m<sup>3<\/sup><\/td><td>77.00<\/td><td>&nbsp;92.40<\/td><\/tr><tr><td>C20\/25 S4 D16<\/td><td>m<sup>3<\/sup><\/td><td>80.00<\/td><td>&nbsp;96.00<\/td><\/tr><tr><td>C25\/30 S1 D16<\/td><td>m<sup>3<\/sup><\/td><td>75.00<\/td><td>&nbsp;90.00<\/td><\/tr><tr><td>C25\/30 S2 D16<\/td><td>m<sup>3<\/sup><\/td><td>77.00<\/td><td>&nbsp;92.40<\/td><\/tr><tr><td>C25\/30 S3 D16<\/td><td>m<sup>3<\/sup><\/td><td>81.00<\/td><td>&nbsp;97.20<\/td><\/tr><tr><td>C25\/30 S4 D16<\/td><td>m<sup>3<\/sup><\/td><td>85.00<\/td><td>&nbsp;102.00<\/td><\/tr><tr><td>C30\/37 S1 D16<\/td><td>m<sup>3<\/sup><\/td><td>81.00<\/td><td>&nbsp;97.20<\/td><\/tr><tr><td>C30\/37 S2 D16<\/td><td>m<sup>3<\/sup><\/td><td>84.00<\/td><td>&nbsp;100.80<\/td><\/tr><tr><td>C30\/37 S3 D16<\/td><td>m<sup>3<\/sup><\/td><td>86.00<\/td><td>&nbsp;103.20<\/td><\/tr><tr><td>C30\/37 S4 D16<\/td><td>m<sup>3<\/sup><\/td><td>89.00<\/td><td>106.80<\/td><\/tr><tr><td>C35\/45 S1 D16<\/td><td>m<sup>3<\/sup><\/td><td>87.00<\/td><td>104.40<\/td><\/tr><tr><td>C35\/45 S2 D16<\/td><td>m<sup>3<\/sup><\/td><td>90.00<\/td><td>108.00<\/td><\/tr><tr><td>C35\/45 S3 D16<\/td><td>m<sup>3<\/sup><\/td><td>94.00<\/td><td>112.80<\/td><\/tr><tr><td>C35\/45 S4 D16<\/td><td>m<sup>3<\/sup><\/td><td>99.00<\/td><td>118.80<\/td><\/tr><tr><td><strong>PUMBATAVAD NORMAALBETOONID PAEKILLUSTIKUGA D&lt;16<\/strong><\/td><td><\/td><td><\/td><td><\/td><\/tr><tr><td>C20\/25 D16 PUMI S3<\/td><td>m<sup>3<\/sup><\/td><td>83.00<\/td><td>99.60<\/td><\/tr><tr><td>C20\/25 D16 PUMI S4<\/td><td>m<sup>3<\/sup><\/td><td>86.00<\/td><td>103.20<\/td><\/tr><tr><td>C20\/25 D16 PUMI S5<\/td><td>m<sup>3<\/sup><\/td><td>88.00<\/td><td>105.60<\/td><\/tr><tr><td>C25\/30 D16 PUMI S3<\/td><td>m<sup>3<\/sup><\/td><td>86.00<\/td><td>103.20<\/td><\/tr><tr><td>C25\/30 D16 PUMI S4<\/td><td>m<sup>3<\/sup><\/td><td>88.00<\/td><td>105.60<\/td><\/tr><tr><td>C25\/30 D16 PUMI S5<\/td><td>m<sup>3<\/sup><\/td><td>93.00<\/td><td>111.60<\/td><\/tr><tr><td>C30\/37 D16 PUMI S3<\/td><td>m<sup>3<\/sup><\/td><td>91.00<\/td><td>109.20<\/td><\/tr><tr><td>C30\/37 D16 PUMI S4<\/td><td>m<sup>3<\/sup><\/td><td>94.00<\/td><td>112.80<\/td><\/tr><tr><td>C30\/37 D16 PUMI S5<\/td><td>m<sup>3<\/sup><\/td><td>96.00<\/td><td>115.20<\/td><\/tr><tr><td><strong>NORMAALBETOONID PAEKILLUSTIKUGA D&lt;10&nbsp;<\/strong><\/td><td><\/td><td><\/td><td><\/td><\/tr><tr><td>C8\/10 S1 D10<\/td><td>m<sup>3<\/sup><\/td><td>60.00<\/td><td>72.00<\/td><\/tr><tr><td>C8\/10 S2 D10<\/td><td>m<sup>3<\/sup><\/td><td>62.00<\/td><td>74.40<\/td><\/tr><tr><td>C8\/10 S3 D10<\/td><td>m<sup>3<\/sup><\/td><td>64.00<\/td><td>&nbsp;76.80<\/td><\/tr><tr><td>C12\/15 S1 D10<\/td><td>m<sup>3<\/sup><\/td><td>63.00<\/td><td>&nbsp;75.60<\/td><\/tr><tr><td>C12\/15 S2 D10<\/td><td>m<sup>3<\/sup><\/td><td>65.00<\/td><td>&nbsp;78.00<\/td><\/tr><tr><td>C12\/15 S3 D10<\/td><td>m<sup>3<\/sup><\/td><td>67.00<\/td><td>&nbsp;80.40<\/td><\/tr><tr><td>C12\/15 S4 D10<\/td><td>m<sup>3<\/sup><\/td><td>69.00<\/td><td>&nbsp;82.80<\/td><\/tr><tr><td>C16\/20 S1 D10<\/td><td>m<sup>3<\/sup><\/td><td>71.00<\/td><td>&nbsp;85.20<\/td><\/tr><tr><td>C16\/20 S2 D10<\/td><td>m<sup>3<\/sup><\/td><td>73.00<\/td><td>&nbsp;87.60<\/td><\/tr><tr><td>C16\/20 S3 D10<\/td><td>m<sup>3<\/sup><\/td><td>75.00<\/td><td>&nbsp;90.00<\/td><\/tr><tr><td>C16\/20 S4 D10<\/td><td>m<sup>3<\/sup><\/td><td>78.00<\/td><td>&nbsp;93.60<\/td><\/tr><tr><td>C20\/25 S1 D10<\/td><td>m<sup>3<\/sup><\/td><td>72.00<\/td><td>&nbsp;86.40<\/td><\/tr><tr><td>C20\/25 S2 D10<\/td><td>m<sup>3<\/sup><\/td><td>75.00<\/td><td>&nbsp;90.00<\/td><\/tr><tr><td>C20\/25 S3 D10<\/td><td>m<sup>3<\/sup><\/td><td>77.00<\/td><td>&nbsp;92.40<\/td><\/tr><tr><td>C20\/25 S4 D10<\/td><td>m<sup>3<\/sup><\/td><td>81.00<\/td><td>&nbsp;97.20<\/td><\/tr><tr><td>C25\/30 S1 D10<\/td><td>m<sup>3<\/sup><\/td><td>76.00<\/td><td>&nbsp;91.20<\/td><\/tr><tr><td>C25\/30 S2 D10<\/td><td>m<sup>3<\/sup><\/td><td>78.00<\/td><td>&nbsp;93.60<\/td><\/tr><tr><td>C25\/30 S3 D10<\/td><td>m<sup>3<\/sup><\/td><td>81.00<\/td><td>&nbsp;97.20<\/td><\/tr><tr><td>C25\/30 S4 D10<\/td><td>m<sup>3<\/sup><\/td><td>85.00<\/td><td>&nbsp;102.00<\/td><\/tr><tr><td>C30\/37 S1 D10<\/td><td>m<sup>3<\/sup><\/td><td>81.00<\/td><td>&nbsp;97.20<\/td><\/tr><tr><td>C30\/37 S2 D10<\/td><td>m<sup>3<\/sup><\/td><td>84.00<\/td><td>&nbsp;100.80<\/td><\/tr><tr><td>C30\/37 S3 D10<\/td><td>m<sup>3<\/sup><\/td><td>87.00<\/td><td>&nbsp;104.40<\/td><\/tr><tr><td>C30\/37 S4 D10<\/td><td>m<sup>3<\/sup><\/td><td>90.00<\/td><td>&nbsp;108.00<\/td><\/tr><tr><td><strong>PUMBATAVAD NORMAALBETOONID PAEKILLUSTIKUGA D&lt;10<\/strong><\/td><td><\/td><td><\/td><td><\/td><\/tr><tr><td>C20\/25 D10 PUMI S3<\/td><td>m<sup>3<\/sup><\/td><td>83.00<\/td><td>99.60<\/td><\/tr><tr><td>C20\/25 D10 PUMI S4<\/td><td>m<sup>3<\/sup><\/td><td>86.00<\/td><td>103.20<\/td><\/tr><tr><td>C20\/25 D10 PUMI S5<\/td><td>m<sup>3<\/sup><\/td><td>88.00<\/td><td>105.60<\/td><\/tr><tr><td>C25\/30 D10 PUMI S3<\/td><td>m<sup>3<\/sup><\/td><td>86.00<\/td><td>103.20<\/td><\/tr><tr><td>C25\/30 D10 PUMI S4<\/td><td>m<sup>3<\/sup><\/td><td>89.00<\/td><td>106.80<\/td><\/tr><tr><td>C25\/30 D10 PUMI S5<\/td><td>m<sup>3<\/sup><\/td><td>92.00<\/td><td>110.40<\/td><\/tr><tr><td>C30\/37 D10 PUMI S3<\/td><td>m<sup>3<\/sup><\/td><td>94.00<\/td><td>112.80<\/td><\/tr><tr><td>C30\/37 D10 PUMI S4<\/td><td>m<sup>3<\/sup><\/td><td>97.00<\/td><td>116.40<\/td><\/tr><tr><td>C30\/37 D10 PUMI S5<\/td><td>m<sup>3<\/sup><\/td><td>100.00<\/td><td>120.00<\/td><\/tr><tr><td><strong>NORMAALBETOONID GRANIITKILLUSTIKUGA D&lt;10 v\u00f5i D&lt;16<\/strong><\/td><td><\/td><td><\/td><td><\/td><\/tr><tr><td>C25\/30 S3 D10 G v\u00f5i D16 G<\/td><td>m<sup>3<\/sup><\/td><td>108.00<\/td><td>&nbsp;129.60<\/td><\/tr><tr><td>C25\/30 S4 D10 G v\u00f5i D16 G<\/td><td>m<sup>3<\/sup><\/td><td>110.00<\/td><td>&nbsp;132.00<\/td><\/tr><tr><td>C30\/37 S3 D10 G v\u00f5i D16 G<\/td><td>m<sup>3<\/sup><\/td><td>111.00<\/td><td>&nbsp;133.20<\/td><\/tr><tr><td>C30\/37 S4 D10 G v\u00f5i D16 G<\/td><td>m<sup>3<\/sup><\/td><td>113.00<\/td><td>&nbsp;135.60<\/td><\/tr><tr><td>C35\/45 S3 D10 G<\/td><td>m<sup>3<\/sup><\/td><td>120.00<\/td><td>&nbsp;144.00<\/td><\/tr><tr><td>C35\/45 S3 D16 G<\/td><td>m<sup>3<\/sup><\/td><td>121.00<\/td><td>&nbsp;145.20<\/td><\/tr><tr><td>C35\/45 S4 D10 G<\/td><td>m<sup>3<\/sup><\/td><td>122.00<\/td><td>&nbsp;146.40<\/td><\/tr><tr><td>C35\/45 S4 D16 G<\/td><td>m<sup>3<\/sup><\/td><td>123.00<\/td><td>147.60<\/td><\/tr><tr><td><strong>ILMASTIKUKINDLAD BETOONID PAEKILLUSTIKUGA D&lt;16<\/strong><\/td><td><\/td><td><\/td><td><\/td><\/tr><tr><td>C25\/30 S1 D16 XF1<\/td><td>m<sup>3<\/sup><\/td><td>&nbsp;90.00<\/td><td>&nbsp;108.00<\/td><\/tr><tr><td>C25\/30 S2 D16 XF1<\/td><td>m<sup>3<\/sup><\/td><td>&nbsp;92.00<\/td><td>&nbsp;110.40<\/td><\/tr><tr><td>C25\/30 S3 D16 XF1<\/td><td>m<sup>3<\/sup><\/td><td>&nbsp;95.00<\/td><td>&nbsp;114.00<\/td><\/tr><tr><td>C25\/30 S4 D16 XF1<\/td><td>m<sup>3<\/sup><\/td><td>&nbsp;99.00<\/td><td>&nbsp;118.80<\/td><\/tr><tr><td>C30\/37 S1 D16 XF1<\/td><td>m<sup>3<\/sup><\/td><td>&nbsp;108.00<\/td><td>&nbsp;129.60<\/td><\/tr><tr><td>C30\/37 S2 D16 XF1<\/td><td>m<sup>3<\/sup><\/td><td>&nbsp;110.00<\/td><td>&nbsp;132.00<\/td><\/tr><tr><td>C30\/37 S3 D16 XF1<\/td><td>m<sup>3<\/sup><\/td><td>&nbsp;112.00<\/td><td>&nbsp;134.40<\/td><\/tr><tr><td>C30\/37 S4 D16 XF1<\/td><td>m<sup>3<\/sup><\/td><td>&nbsp;116.00<\/td><td>&nbsp;139.20<\/td><\/tr><tr><td>C25\/30 S1 D16 XF3<\/td><td>m<sup>3<\/sup><\/td><td>&nbsp;89.00<\/td><td>&nbsp;106.80<\/td><\/tr><tr><td>C25\/30 S2 D16 XF3<\/td><td>m<sup>3<\/sup><\/td><td>&nbsp;92.00<\/td><td>&nbsp;110.40<\/td><\/tr><tr><td>C25\/30 S3 D16 XF3<\/td><td>m<sup>3<\/sup><\/td><td>&nbsp;98.00<\/td><td>&nbsp;117.60<\/td><\/tr><tr><td>C25\/30 S4 D16 XF3<\/td><td>m<sup>3<\/sup><\/td><td>&nbsp;102.00<\/td><td>&nbsp;122.40<\/td><\/tr><tr><td>C30\/37 S1 D16 XF3<\/td><td>m<sup>3<\/sup><\/td><td>&nbsp;108.00<\/td><td>&nbsp;129.60<\/td><\/tr><tr><td>C30\/37 S2 D16 XF3<\/td><td>m<sup>3<\/sup><\/td><td>&nbsp;110.00<\/td><td>&nbsp;132.00<\/td><\/tr><tr><td>C30\/37 S3 D16 XF3<\/td><td>m<sup>3<\/sup><\/td><td>&nbsp;113.00<\/td><td>&nbsp;135.60<\/td><\/tr><tr><td>C30\/37 S4 D16 XF3<\/td><td>m<sup>3<\/sup><\/td><td>&nbsp;118.00<\/td><td>&nbsp;141.60<\/td><\/tr><tr><td><strong>ILMASTIKUKINDLAD BETOONID PAEKILLUSTIKUGA D&lt;10<\/strong><\/td><\/tr><tr><td>C25\/30 S1 D10 XF1<\/td><td>m<sup>3<\/sup><\/td><td>&nbsp;94.00<\/td><td>&nbsp;112.80<\/td><\/tr><tr><td>C25\/30 S2 D10 XF1<\/td><td>m<sup>3<\/sup><\/td><td>&nbsp;96.00<\/td><td>&nbsp;115.20<\/td><\/tr><tr><td>C25\/30 S3 D10 XF1<\/td><td>m<sup>3<\/sup><\/td><td>&nbsp;100.00<\/td><td>&nbsp;120.00<\/td><\/tr><tr><td>C25\/30 S4 D10 XF1<\/td><td>m<sup>3<\/sup><\/td><td>&nbsp;105.00<\/td><td>&nbsp;126.00<\/td><\/tr><tr><td>C30\/37 S1 D10 XF1<\/td><td>m<sup>3<\/sup><\/td><td>&nbsp;110.00<\/td><td>&nbsp;132.00<\/td><\/tr><tr><td>C30\/37 S2 D10 XF1<\/td><td>m<sup>3<\/sup><\/td><td>&nbsp;112.00<\/td><td>&nbsp;134.40<\/td><\/tr><tr><td>C30\/37 S3 D10 XF1<\/td><td>m<sup>3<\/sup><\/td><td>&nbsp;118.00<\/td><td>&nbsp;141.60<\/td><\/tr><tr><td>C30\/37 S4 D10 XF1<\/td><td>m<sup>3<\/sup><\/td><td>&nbsp;121.00<\/td><td>&nbsp;145.20<\/td><\/tr><tr><td>C25\/30 S1 D10 XF3<\/td><td>m<sup>3<\/sup><\/td><td>&nbsp;97.00<\/td><td>&nbsp;116.40<\/td><\/tr><tr><td>C25\/30 S2 D10 XF3<\/td><td>m<sup>3<\/sup><\/td><td>&nbsp;100.00<\/td><td>&nbsp;120.00<\/td><\/tr><tr><td>C25\/30 S3 D10 XF3<\/td><td>m<sup>3<\/sup><\/td><td>&nbsp;105.00<\/td><td>&nbsp;126.00<\/td><\/tr><tr><td>C25\/30 S4 D10 XF3<\/td><td>m<sup>3<\/sup><\/td><td>&nbsp;107.00<\/td><td>&nbsp;128.40<\/td><\/tr><tr><td>C30\/37 S1 D10 XF3<\/td><td>m<sup>3<\/sup><\/td><td>&nbsp;115.00<\/td><td>&nbsp;138.00<\/td><\/tr><tr><td>C30\/37 S2 D10 XF3<\/td><td>m<sup>3<\/sup><\/td><td>&nbsp;117.00<\/td><td>&nbsp;140.40<\/td><\/tr><tr><td>C30\/37 S3 D10 XF3<\/td><td>m<sup>3<\/sup><\/td><td>&nbsp;119.00<\/td><td>&nbsp;142.80<\/td><\/tr><tr><td>C30\/37 S4 D10 XF3<\/td><td>m<sup>3<\/sup><\/td><td>&nbsp;122.00<\/td><td>&nbsp;146.40<\/td><\/tr><tr><td><strong>LIIVBETOONID<\/strong><\/td><td><\/td><td><\/td><td><\/td><\/tr><tr><td>LB C8\/10 S1<\/td><td>m<sup>3<\/sup><\/td><td>42.00<\/td><td>&nbsp;50.40<\/td><\/tr><tr><td>LB C8\/10 S2<\/td><td>m<sup>3<\/sup><\/td><td>44.00<\/td><td>&nbsp;52.80<\/td><\/tr><tr><td>LB C8\/10 S3<\/td><td>m<sup>3<\/sup><\/td><td>47.00<\/td><td>&nbsp;56.40<\/td><\/tr><tr><td>LB C12\/15 S1<\/td><td>m<sup>3<\/sup><\/td><td>54.00<\/td><td>&nbsp;64.80<\/td><\/tr><tr><td>LB C12\/15 S2<\/td><td>m<sup>3<\/sup><\/td><td>58.00<\/td><td>&nbsp;69.60<\/td><\/tr><tr><td>LB C12\/15 S3<\/td><td>m<sup>3<\/sup><\/td><td>61.00<\/td><td>&nbsp;73.20<\/td><\/tr><tr><td>LB C16\/20 S1<\/td><td>m<sup>3<\/sup><\/td><td>65.00<\/td><td>&nbsp;78.00<\/td><\/tr><tr><td>LB C16\/20 S2<\/td><td>m<sup>3<\/sup><\/td><td>68.00<\/td><td>&nbsp;81.60<\/td><\/tr><tr><td>LB C16\/20 S3<\/td><td>m<sup>3<\/sup><\/td><td>71.00<\/td><td>&nbsp;85.20<\/td><\/tr><tr><td>LB C16\/20 S4<\/td><td>m<sup>3<\/sup><\/td><td>73.00<\/td><td>&nbsp;87.60<\/td><\/tr><tr><td>LB C20\/25 S1<\/td><td>m<sup>3<\/sup><\/td><td>69.00<\/td><td>&nbsp;82.80<\/td><\/tr><tr><td>LB C20\/25 S2<\/td><td>m<sup>3<\/sup><\/td><td>72.00<\/td><td>&nbsp;86.40<\/td><\/tr><tr><td>LB C20\/25 S3<\/td><td>m<sup>3<\/sup><\/td><td>74.00<\/td><td>&nbsp;88.40<\/td><\/tr><tr><td>LB C20\/25 S4<\/td><td>m<sup>3<\/sup><\/td><td>76.00<\/td><td>&nbsp;91.20<\/td><\/tr><tr><td>LB C25\/30 S1<\/td><td>m<sup>3<\/sup><\/td><td>77.00<\/td><td>&nbsp;92.40<\/td><\/tr><tr><td>LB C25\/30 S2<\/td><td>m<sup>3<\/sup><\/td><td>79.00<\/td><td>&nbsp;94.80<\/td><\/tr><tr><td>LB C25\/30 S3<\/td><td>m<sup>3<\/sup><\/td><td>82.00<\/td><td>&nbsp;98.40<\/td><\/tr><tr><td>LB C25\/30 S4<\/td><td>m<sup>3<\/sup><\/td><td>85.00<\/td><td>&nbsp;102.00<\/td><\/tr><tr><td><strong>P\u00d5RANDABETOONID D&lt;10 PUMBATAVAD<\/strong><\/td><\/tr><tr><td>C20\/25 D10<\/td><td>m<sup>3<\/sup><\/td><td>90.00<\/td><td>108.00<\/td><\/tr><tr><td>C25\/30 D10<\/td><td>m<sup>3<\/sup><\/td><td>94.00<\/td><td>112.80<\/td><\/tr><tr><td>C30\/37 D10<\/td><td>m<sup>3<\/sup><\/td><td>99.00<\/td><td>118.80<\/td><\/tr><tr><td><strong>P\u00d5RANDABETOONID D&lt;16 PUMBATAVAD<\/strong><strong>&nbsp;<\/strong><\/td><\/tr><tr><td>C20\/25 D16<\/td><td>m<sup>3<\/sup><\/td><td>90.00<\/td><td>108.00<\/td><\/tr><tr><td>C25\/30 D16<\/td><td>m<sup>3<\/sup><\/td><td>94.00<\/td><td>112.80<\/td><\/tr><tr><td>C30\/37 D16<\/td><td>m<sup>3<\/sup><\/td><td>99.00<\/td><td>118.80<\/td><\/tr><tr><td><strong>ERIBETOONID D&lt;10<\/strong><\/td><\/tr><tr><td>\u00c4\u00c4REKIVI PAIGALDUSSEGU (POOLKUIV, PAEKILLUSTIKUGA)<\/td><td>m<sup>3<\/sup><\/td><td>58.00<\/td><td>&nbsp;69.60<\/td><\/tr><tr><td>\u00c4\u00c4REKIVI PAIGALDUSSEGU<\/td><td>m<sup>3<\/sup><\/td><td>46.00<\/td><td>&nbsp;55.20<\/td><\/tr><tr><td><strong>Kaubabetooni lisade hinnakiri<\/strong><\/td><\/tr><tr><td>Kiirendi (betooni kivinemise kiirendamiseks)<\/td><td>&nbsp;m<sup>3&nbsp;&nbsp;<\/sup>kohta<\/td><td>7.00<\/td><td>&nbsp;8.40<\/td><\/tr><tr><td>Aeglusti (betooni kivinemise aeglustamiseks)<\/td><td>&nbsp;m<sup>3&nbsp;<\/sup>kohta<\/td><td>1.50<\/td><td>&nbsp;1.80<\/td><\/tr><tr><td>V\u00e4rviline betoon (punane, pruun, must)<\/td><td>&nbsp;m<sup>3&nbsp;<\/sup>kohta<\/td><td>30.00<\/td><td>&nbsp;36.00<\/td><\/tr><tr><td>V\u00e4rviline betoon (muud toonid)<\/td><td>&nbsp;m<sup>3&nbsp;<\/sup>kohta<\/td><td>50.00<\/td><td>&nbsp;60.00<\/td><\/tr><tr><td>Metallkiud 1\/50<\/td><td>25&nbsp;kg<\/td><td>27.50<\/td><td>&nbsp;33.00<\/td><\/tr><tr><td>Metallkiud 075\/50<\/td><td>20 kg<\/td><td>22.00<\/td><td>&nbsp;26.40<\/td><\/tr><tr><td>Eurofiiber (s\u00fcnteetiline kiud \u2013 vatt)<\/td><td>1 kg<\/td><td>7.00<\/td><td>&nbsp;8.40<\/td><\/tr><tr><td>Makrofiiber (s\u00fcnteetline kiud \u2013 plastkiud)<\/td><td>2,5 kg<\/td><td>18.00<\/td><td>&nbsp;21.60<\/td><\/tr><tr><td><strong>Muud lisad<\/strong><\/td><\/tr><tr><td>Tagastatava betooni lisa<\/td><td>kuni 1 m<sup>3<\/sup><\/td><td>&nbsp;10.00<\/td><td>&nbsp;12.00<\/td><\/tr><tr><td>Tagastatava betooni lisa<\/td><td>1,1-4&nbsp;m<sup>3<\/sup><\/td><td>&nbsp;30.00<\/td><td>36.00<\/td><\/tr><tr><td>Tagastatava betooni lisa<\/td><td>&gt;4 m<sup>3&nbsp;<\/sup>iga m<sup>3<\/sup><\/td><td>&nbsp;10.00<\/td><td>12.00<\/td><\/tr><tr><td>Puhkep\u00e4eva ja&nbsp;t\u00f6\u00f6v\u00e4lise aja&nbsp;(18.00-07.00.00) hinnalisa<\/td><td>&nbsp;15%<\/td><td><\/td><td><\/td><\/tr><tr><td>Sooja betooni lisa (betooni t &gt;&nbsp;15\u00b0)&nbsp;&nbsp;&nbsp;&nbsp;&nbsp;&nbsp;&nbsp;&nbsp; NB! Alates 1.nov kuni 1.m\u00e4rts!<\/td><td>&nbsp;m<sup>3&nbsp;<\/sup>kohta<\/td><td>&nbsp;5.00<\/td><td>&nbsp;6.00<\/td><\/tr><\/tbody><\/table><\/figure>\n\n\n\n<p class=\"wp-el\">V\u00e4rviliste toodete p\u00f5hitoonid on pruun, punane ja <strong>must<\/strong>. \u201cKarjala\u201d toon on puna-mustakirju.<br>Kollased,&nbsp;rohelised, sinised ja valged tooted ainult ettetellimisel.&nbsp;NB! Eriv\u00e4rvilistel toodetel minimaalne tellimise kogus 1 alus.<br>Hinnad antud kohaleveota. Kohaleveo korraldamine tellimisel, leppehinnaga.<br>Hinnad sisaldavad kauba mehhaniseeritud pealelaadimist kahvelt\u00f5stukiga.<br>Kaup alustel 1,2\u00d71,0 v\u00f5i 1,2\u00d71,2 m, aluste hind ei sisaldu toodete hinnas, <strong>aluse hind 12.00\u20ac.<\/strong><br>Tagasi ostetakse ainult terveid aluseid.<\/p>\n\n\n\n<p class=\"wp-el\">Hinnad kehtivad t\u00e4ispakendite ostu korral. Juhul kui tegemist on osalise v\u00f5i pooliku pakendiga, lisandub maksumusele komplekteerimistasu 15\u20ac!<\/p>\n","protected":false},"excerpt":{"rendered":"<p>&nbsp;Betooni tellimisleht Betooni klass \u00dchik Hind km-ta Hind km-ga NORMAALBETOONID PAEKILLUSTIKUGA D&lt;16 C8\/10 S1 D16 m3 60.00 &nbsp;72.00 C8\/10 S2&#8230;<\/p>\n","protected":false},"author":1,"featured_media":0,"parent":2831,"menu_order":90,"comment_status":"closed","ping_status":"closed","template":"","meta":{"_acf_changed":false,"inline_featured_image":false,"footnotes":""},"class_list":["post-2804","page","type-page","status-publish","hentry"],"acf":[],"_links":{"self":[{"href":"https:\/\/ikodor.ee\/ru\/wp-json\/wp\/v2\/pages\/2804","targetHints":{"allow":["GET"]}}],"collection":[{"href":"https:\/\/ikodor.ee\/ru\/wp-json\/wp\/v2\/pages"}],"about":[{"href":"https:\/\/ikodor.ee\/ru\/wp-json\/wp\/v2\/types\/page"}],"author":[{"embeddable":true,"href":"https:\/\/ikodor.ee\/ru\/wp-json\/wp\/v2\/users\/1"}],"replies":[{"embeddable":true,"href":"https:\/\/ikodor.ee\/ru\/wp-json\/wp\/v2\/comments?post=2804"}],"version-history":[{"count":2,"href":"https:\/\/ikodor.ee\/ru\/wp-json\/wp\/v2\/pages\/2804\/revisions"}],"predecessor-version":[{"id":3771,"href":"https:\/\/ikodor.ee\/ru\/wp-json\/wp\/v2\/pages\/2804\/revisions\/3771"}],"up":[{"embeddable":true,"href":"https:\/\/ikodor.ee\/ru\/wp-json\/wp\/v2\/pages\/2831"}],"wp:attachment":[{"href":"https:\/\/ikodor.ee\/ru\/wp-json\/wp\/v2\/media?parent=2804"}],"curies":[{"name":"wp","href":"https:\/\/api.w.org\/{rel}","templated":true}]}}